{"id":4715,"date":"2025-05-01T08:57:51","date_gmt":"2025-05-01T12:57:51","guid":{"rendered":"https:\/\/fopseniorcitiz.wpengine.com\/ev-1\/"},"modified":"2024-07-19T10:04:35","modified_gmt":"2024-07-19T14:04:35","slug":"ev","status":"publish","type":"page","link":"https:\/\/fopseniorcitizensinc.com\/tr\/","title":{"rendered":"Ev"},"content":{"rendered":"<div class=\"wpb-content-wrapper\"><p>[vc_row][vc_column][vc_empty_space height=&#8221;1em&#8221;][vc_custom_heading text=&#8221;Misyonumuz&#8221; font_container=&#8221;tag:h3|font_size:42|text_align:center|color:%23222e6a&#8221; use_theme_fonts=&#8221;yes&#8221;][vc_separator color=&#8221;custom&#8221; border_width=&#8221;3&#8243; el_width=&#8221;60&#8243; css_animation=&#8221;fadeIn&#8221; accent_color=&#8221;#d9b750&#8243;][vc_empty_space height=&#8221;1em&#8221;][vc_column_text]<\/p>\n<h4 style=\"font-size: 26px; text-align: center;\"><span style=\"color: 666666;\">FOP Senior Citizens Inc, 1968 y\u0131l\u0131nda 62 ya\u015f ve \u00fczeri ba\u011f\u0131ms\u0131z ya\u015fl\u0131lar i\u00e7in 6 katl\u0131, 106 \u00fcniteli bir apartman binas\u0131 tasarlamak ve in\u015fa etmek amac\u0131yla kurulmu\u015f bir 501C4 kurulu\u015fudur. Proje, ba\u015fta emekli polis memurlar\u0131, e\u015fleri ve dullar\u0131 olmak \u00fczere, sakinlerimiz i\u00e7in k\u0131smen s\u00fcbvanse edilmi\u015f konutlar i\u00e7in ABD Konut ve Kentsel Geli\u015fim &#8211; HUD taraf\u0131ndan sa\u011flanan finansman yoluyla federal h\u00fck\u00fcmet taraf\u0131ndan finanse edildi.<\/span><\/h4>\n<p>[\/vc_column_text][vc_empty_space height=&#8221;1em&#8221;][\/vc_column][\/vc_row][vc_row full_width=&#8221;stretch_row&#8221; css=&#8221;.vc_custom_1473435558335{background-color: #f6f5f2 !important;}&#8221;][vc_column][vc_empty_space height=&#8221;1em&#8221;][vc_row_inner][vc_column_inner width=&#8221;1\/3&#8243;][vc_custom_heading text=&#8221;Hakk\u0131m\u0131zda&#8221; font_container=&#8221;tag:h3|font_size:32|text_align:center|color:%23222e6a&#8221; use_theme_fonts=&#8221;yes&#8221;][vc_separator color=&#8221;custom&#8221; border_width=&#8221;3&#8243; el_width=&#8221;60&#8243; css_animation=&#8221;fadeIn&#8221; accent_color=&#8221;#d9b750&#8243;][vc_empty_space height=&#8221;1em&#8221;][vc_single_image image=&#8221;4185&#8243; img_size=&#8221;150&#215;150&#8243; alignment=&#8221;center&#8221; style=&#8221;vc_box_border_circle&#8221; border_color=&#8221;blue&#8221; onclick=&#8221;custom_link&#8221; link=&#8221;https:\/\/fopseniorcitiz.wpengine.com\/who-are-we\/&#8221;][vc_column_text]<\/p>\n<h5 dir=\"ltr\" style=\"text-align: center;\">Kuzeydo\u011fu Philadelphia&#8217;da bulunan 6 katl\u0131, 106 \u00fcniteli bir k\u0131demli konut apartman\u0131 olan FOP Senior Citizens, Inc. hakk\u0131nda daha fazla bilgi edinin.<\/h5>\n<p>[\/vc_column_text][\/vc_column_inner][vc_column_inner width=&#8221;1\/3&#8243;][vc_custom_heading text=&#8221;Kiralama Ba\u015fvurusu&#8221; font_container=&#8221;tag:h3|font_size:32|text_align:center|color:%23222e6a&#8221; use_theme_fonts=&#8221;yes&#8221;][vc_separator color=&#8221;custom&#8221; border_width=&#8221;3&#8243; el_width=&#8221;60&#8243; css_animation=&#8221;fadeIn&#8221; accent_color=&#8221;#d9b750&#8243;][vc_empty_space height=&#8221;1em&#8221;][vc_single_image image=&#8221;4187&#8243; img_size=&#8221;150&#215;150&#8243; alignment=&#8221;center&#8221; style=&#8221;vc_box_border_circle&#8221; border_color=&#8221;blue&#8221; onclick=&#8221;custom_link&#8221; link=&#8221;https:\/\/fopseniorcitiz.wpengine.com\/rental-application\/&#8221;][vc_column_text]<\/p>\n<h5 style=\"text-align: center;\">Konut ve Kentsel Geli\u015fim Departman\u0131 (HUD) taraf\u0131ndan yetkilendirilen Kiralama Ba\u015fvurumuzu inceleyin ve tamamlay\u0131n.<\/h5>\n<p>[\/vc_column_text][\/vc_column_inner][vc_column_inner width=&#8221;1\/3&#8243;][vc_custom_heading text=&#8221;Kat Planlar\u0131&#8221; font_container=&#8221;tag:h3|font_size:32|text_align:center|color:%23222e6a&#8221; use_theme_fonts=&#8221;yes&#8221;][vc_separator color=&#8221;custom&#8221; border_width=&#8221;3&#8243; el_width=&#8221;60&#8243; css_animation=&#8221;fadeIn&#8221; accent_color=&#8221;#d9b750&#8243;][vc_empty_space height=&#8221;1em&#8221;][vc_single_image image=&#8221;4186&#8243; img_size=&#8221;150&#215;150&#8243; alignment=&#8221;center&#8221; style=&#8221;vc_box_border_circle&#8221; border_color=&#8221;blue&#8221; onclick=&#8221;custom_link&#8221; link=&#8221;https:\/\/fopseniorcitiz.wpengine.com\/floor-plans\/&#8221;][vc_column_text]<\/p>\n<h5 style=\"text-align: center;\">Kiral\u0131k dairelerimizin kat planlar\u0131n\u0131 buradan g\u00f6r\u00fcnt\u00fcleyebilirsiniz.<\/h5>\n<p>[\/vc_column_text][\/vc_column_inner][\/vc_row_inner][vc_empty_space][\/vc_column][\/vc_row][vc_row full_width=&#8221;stretch_row&#8221; inverse=&#8221;&#8221; css=&#8221;.vc_custom_1692298599469{background-color: #222e6a !important;}&#8221;][vc_column width=&#8221;1\/6&#8243;][\/vc_column][vc_column width=&#8221;2\/3&#8243;][vc_empty_space height=&#8221;2.5em&#8221;][vc_empty_space height=&#8221;2.5em&#8221;][vc_cta h2=&#8221;&#8221; h4=&#8221;Sorusu olan? Size nas\u0131l yard\u0131mc\u0131 olabilece\u011fimizi bize bildirin.&#8221; style=&#8221;custom&#8221; add_button=&#8221;right&#8221; btn_title=&#8221;Daha Fazla Bilgi \u0130\u00e7in Bize Ula\u015f\u0131n&#8221; btn_style=&#8221;outline-custom&#8221; btn_outline_custom_color=&#8221;#222e6a&#8221; btn_outline_custom_hover_background=&#8221;#ffffff&#8221; btn_outline_custom_hover_text=&#8221;#d9b750&#8243; btn_i_align=&#8221;right&#8221; btn_i_icon_fontawesome=&#8221;fas fa-angle-double-right&#8221; btn_css_animation=&#8221;fadeIn&#8221; btn_add_icon=&#8221;true&#8221; custom_background=&#8221;#d9b750&#8243; custom_text=&#8221;#222e6a&#8221; btn_link=&#8221;url:https%3A%2F%2Ffopseniorcitiz.wpengine.com%2Fcontacts%2F|&#8221;][\/vc_cta][vc_empty_space height=&#8221;2.5em&#8221;][\/vc_column][vc_column width=&#8221;1\/6&#8243;][\/vc_column][\/vc_row][vc_row full_width=&#8221;stretch_row&#8221; css=&#8221;.vc_custom_1474540974421{background-color: #f6f5f2 !important;}&#8221;][vc_column][vc_empty_space][\/vc_column][\/vc_row]<\/p>\n<\/div>","protected":false},"excerpt":{"rendered":"<p>[vc_row][vc_column][vc_empty_space height=&#8221;1em&#8221;][vc_custom_heading text=&#8221;Misyonumuz&#8221; font_container=&#8221;tag:h3|font_size:42|text_align:center|color:%23222e6a&#8221; use_theme_fonts=&#8221;yes&#8221;][vc_separator color=&#8221;custom&#8221; border_width=&#8221;3&#8243; el_width=&#8221;60&#8243; css_animation=&#8221;fadeIn&#8221; accent_color=&#8221;#d9b750&#8243;][vc_empty_space height=&#8221;1em&#8221;][vc_column_text] FOP Senior Citizens Inc, 1968 y\u0131l\u0131nda 62 ya\u015f ve \u00fczeri ba\u011f\u0131ms\u0131z ya\u015fl\u0131lar i\u00e7in 6 katl\u0131, 106 \u00fcniteli bir apartman [&hellip;]<\/p>\n","protected":false},"author":1,"featured_media":0,"parent":0,"menu_order":0,"comment_status":"closed","ping_status":"closed","template":"","meta":{"give_campaign_id":0,"footnotes":""},"class_list":["post-4715","page","type-page","status-publish","hentry"],"yoast_head":"<!-- This site is optimized with the Yoast SEO plugin v27.4 - https:\/\/yoast.com\/product\/yoast-seo-wordpress\/ -->\n<title>Ev - FOP Senior Citizens, Inc.<\/title>\n<meta name=\"robots\" content=\"index, follow, max-snippet:-1, max-image-preview:large, max-video-preview:-1\" \/>\n<link rel=\"canonical\" href=\"https:\/\/fopseniorcitizensinc.com\/tr\/\" \/>\n<meta property=\"og:locale\" content=\"tr_TR\" \/>\n<meta property=\"og:type\" content=\"article\" \/>\n<meta property=\"og:title\" content=\"Ev - FOP Senior Citizens, Inc.\" \/>\n<meta property=\"og:description\" content=\"[vc_row][vc_column][vc_empty_space height=&#8221;1em&#8221;][vc_custom_heading text=&#8221;Misyonumuz&#8221; font_container=&#8221;tag:h3|font_size:42|text_align:center|color:%23222e6a&#8221; use_theme_fonts=&#8221;yes&#8221;][vc_separator color=&#8221;custom&#8221; border_width=&#8221;3&#8243; el_width=&#8221;60&#8243; css_animation=&#8221;fadeIn&#8221; accent_color=&#8221;#d9b750&#8243;][vc_empty_space height=&#8221;1em&#8221;][vc_column_text] FOP Senior Citizens Inc, 1968 y\u0131l\u0131nda 62 ya\u015f ve \u00fczeri ba\u011f\u0131ms\u0131z ya\u015fl\u0131lar i\u00e7in 6 katl\u0131, 106 \u00fcniteli bir apartman [&hellip;]\" \/>\n<meta property=\"og:url\" content=\"https:\/\/fopseniorcitizensinc.com\/tr\/\" \/>\n<meta property=\"og:site_name\" content=\"FOP Senior Citizens, Inc.\" \/>\n<meta name=\"twitter:card\" content=\"summary_large_image\" \/>\n<meta name=\"twitter:label1\" content=\"Tahmini okuma s\u00fcresi\" \/>\n\t<meta name=\"twitter:data1\" content=\"3 dakika\" \/>\n<script type=\"application\/ld+json\" class=\"yoast-schema-graph\">{\"@context\":\"https:\\\/\\\/schema.org\",\"@graph\":[{\"@type\":\"WebPage\",\"@id\":\"https:\\\/\\\/fopseniorcitizensinc.com\\\/tr\\\/\",\"url\":\"https:\\\/\\\/fopseniorcitizensinc.com\\\/tr\\\/\",\"name\":\"Ev - FOP Senior Citizens, Inc.\",\"isPartOf\":{\"@id\":\"https:\\\/\\\/fopseniorcitizensinc.com\\\/tr\\\/#website\"},\"datePublished\":\"2025-05-01T12:57:51+00:00\",\"breadcrumb\":{\"@id\":\"https:\\\/\\\/fopseniorcitizensinc.com\\\/tr\\\/#breadcrumb\"},\"inLanguage\":\"tr\",\"potentialAction\":[{\"@type\":\"ReadAction\",\"target\":[\"https:\\\/\\\/fopseniorcitizensinc.com\\\/tr\\\/\"]}]},{\"@type\":\"BreadcrumbList\",\"@id\":\"https:\\\/\\\/fopseniorcitizensinc.com\\\/tr\\\/#breadcrumb\",\"itemListElement\":[{\"@type\":\"ListItem\",\"position\":1,\"name\":\"Home\",\"item\":\"https:\\\/\\\/fopseniorcitizensinc.com\\\/tr\\\/\"},{\"@type\":\"ListItem\",\"position\":2,\"name\":\"Ev\"}]},{\"@type\":\"WebSite\",\"@id\":\"https:\\\/\\\/fopseniorcitizensinc.com\\\/tr\\\/#website\",\"url\":\"https:\\\/\\\/fopseniorcitizensinc.com\\\/tr\\\/\",\"name\":\"FOP Senior Citizens, Inc.\",\"description\":\"A Senior Affordable Living Community\",\"publisher\":{\"@id\":\"https:\\\/\\\/fopseniorcitizensinc.com\\\/tr\\\/#organization\"},\"potentialAction\":[{\"@type\":\"SearchAction\",\"target\":{\"@type\":\"EntryPoint\",\"urlTemplate\":\"https:\\\/\\\/fopseniorcitizensinc.com\\\/tr\\\/?s={search_term_string}\"},\"query-input\":{\"@type\":\"PropertyValueSpecification\",\"valueRequired\":true,\"valueName\":\"search_term_string\"}}],\"inLanguage\":\"tr\"},{\"@type\":\"Organization\",\"@id\":\"https:\\\/\\\/fopseniorcitizensinc.com\\\/tr\\\/#organization\",\"name\":\"FOP Senior Citizens, Inc.\",\"url\":\"https:\\\/\\\/fopseniorcitizensinc.com\\\/tr\\\/\",\"logo\":{\"@type\":\"ImageObject\",\"inLanguage\":\"tr\",\"@id\":\"https:\\\/\\\/fopseniorcitizensinc.com\\\/tr\\\/#\\\/schema\\\/logo\\\/image\\\/\",\"url\":\"https:\\\/\\\/fopseniorcitizensinc.com\\\/wp-content\\\/uploads\\\/2023\\\/07\\\/FOP-SC-INC-artLogoSmalller2.jpg\",\"contentUrl\":\"https:\\\/\\\/fopseniorcitizensinc.com\\\/wp-content\\\/uploads\\\/2023\\\/07\\\/FOP-SC-INC-artLogoSmalller2.jpg\",\"width\":250,\"height\":82,\"caption\":\"FOP Senior Citizens, Inc.\"},\"image\":{\"@id\":\"https:\\\/\\\/fopseniorcitizensinc.com\\\/tr\\\/#\\\/schema\\\/logo\\\/image\\\/\"}}]}<\/script>\n<!-- \/ Yoast SEO plugin. -->","yoast_head_json":{"title":"Ev - FOP Senior Citizens, Inc.","robots":{"index":"index","follow":"follow","max-snippet":"max-snippet:-1","max-image-preview":"max-image-preview:large","max-video-preview":"max-video-preview:-1"},"canonical":"https:\/\/fopseniorcitizensinc.com\/tr\/","og_locale":"tr_TR","og_type":"article","og_title":"Ev - FOP Senior Citizens, Inc.","og_description":"[vc_row][vc_column][vc_empty_space height=&#8221;1em&#8221;][vc_custom_heading text=&#8221;Misyonumuz&#8221; font_container=&#8221;tag:h3|font_size:42|text_align:center|color:%23222e6a&#8221; use_theme_fonts=&#8221;yes&#8221;][vc_separator color=&#8221;custom&#8221; border_width=&#8221;3&#8243; el_width=&#8221;60&#8243; css_animation=&#8221;fadeIn&#8221; accent_color=&#8221;#d9b750&#8243;][vc_empty_space height=&#8221;1em&#8221;][vc_column_text] FOP Senior Citizens Inc, 1968 y\u0131l\u0131nda 62 ya\u015f ve \u00fczeri ba\u011f\u0131ms\u0131z ya\u015fl\u0131lar i\u00e7in 6 katl\u0131, 106 \u00fcniteli bir apartman [&hellip;]","og_url":"https:\/\/fopseniorcitizensinc.com\/tr\/","og_site_name":"FOP Senior Citizens, Inc.","twitter_card":"summary_large_image","twitter_misc":{"Tahmini okuma s\u00fcresi":"3 dakika"},"schema":{"@context":"https:\/\/schema.org","@graph":[{"@type":"WebPage","@id":"https:\/\/fopseniorcitizensinc.com\/tr\/","url":"https:\/\/fopseniorcitizensinc.com\/tr\/","name":"Ev - FOP Senior Citizens, Inc.","isPartOf":{"@id":"https:\/\/fopseniorcitizensinc.com\/tr\/#website"},"datePublished":"2025-05-01T12:57:51+00:00","breadcrumb":{"@id":"https:\/\/fopseniorcitizensinc.com\/tr\/#breadcrumb"},"inLanguage":"tr","potentialAction":[{"@type":"ReadAction","target":["https:\/\/fopseniorcitizensinc.com\/tr\/"]}]},{"@type":"BreadcrumbList","@id":"https:\/\/fopseniorcitizensinc.com\/tr\/#breadcrumb","itemListElement":[{"@type":"ListItem","position":1,"name":"Home","item":"https:\/\/fopseniorcitizensinc.com\/tr\/"},{"@type":"ListItem","position":2,"name":"Ev"}]},{"@type":"WebSite","@id":"https:\/\/fopseniorcitizensinc.com\/tr\/#website","url":"https:\/\/fopseniorcitizensinc.com\/tr\/","name":"FOP Senior Citizens, Inc.","description":"A Senior Affordable Living Community","publisher":{"@id":"https:\/\/fopseniorcitizensinc.com\/tr\/#organization"},"potentialAction":[{"@type":"SearchAction","target":{"@type":"EntryPoint","urlTemplate":"https:\/\/fopseniorcitizensinc.com\/tr\/?s={search_term_string}"},"query-input":{"@type":"PropertyValueSpecification","valueRequired":true,"valueName":"search_term_string"}}],"inLanguage":"tr"},{"@type":"Organization","@id":"https:\/\/fopseniorcitizensinc.com\/tr\/#organization","name":"FOP Senior Citizens, Inc.","url":"https:\/\/fopseniorcitizensinc.com\/tr\/","logo":{"@type":"ImageObject","inLanguage":"tr","@id":"https:\/\/fopseniorcitizensinc.com\/tr\/#\/schema\/logo\/image\/","url":"https:\/\/fopseniorcitizensinc.com\/wp-content\/uploads\/2023\/07\/FOP-SC-INC-artLogoSmalller2.jpg","contentUrl":"https:\/\/fopseniorcitizensinc.com\/wp-content\/uploads\/2023\/07\/FOP-SC-INC-artLogoSmalller2.jpg","width":250,"height":82,"caption":"FOP Senior Citizens, Inc."},"image":{"@id":"https:\/\/fopseniorcitizensinc.com\/tr\/#\/schema\/logo\/image\/"}}]}},"campaignId":"","_links":{"self":[{"href":"https:\/\/fopseniorcitizensinc.com\/tr\/wp-json\/wp\/v2\/pages\/4715","targetHints":{"allow":["GET"]}}],"collection":[{"href":"https:\/\/fopseniorcitizensinc.com\/tr\/wp-json\/wp\/v2\/pages"}],"about":[{"href":"https:\/\/fopseniorcitizensinc.com\/tr\/wp-json\/wp\/v2\/types\/page"}],"author":[{"embeddable":true,"href":"https:\/\/fopseniorcitizensinc.com\/tr\/wp-json\/wp\/v2\/users\/1"}],"replies":[{"embeddable":true,"href":"https:\/\/fopseniorcitizensinc.com\/tr\/wp-json\/wp\/v2\/comments?post=4715"}],"version-history":[{"count":0,"href":"https:\/\/fopseniorcitizensinc.com\/tr\/wp-json\/wp\/v2\/pages\/4715\/revisions"}],"wp:attachment":[{"href":"https:\/\/fopseniorcitizensinc.com\/tr\/wp-json\/wp\/v2\/media?parent=4715"}],"curies":[{"name":"wp","href":"https:\/\/api.w.org\/{rel}","templated":true}]}}