{"id":4730,"date":"2023-10-01T11:52:48","date_gmt":"2023-10-01T15:52:48","guid":{"rendered":"https:\/\/fopseniorcitiz.wpengine.com\/iletisim\/"},"modified":"2024-07-22T15:11:18","modified_gmt":"2024-07-22T19:11:18","slug":"iletisim","status":"publish","type":"page","link":"https:\/\/fopseniorcitizensinc.com\/tr\/iletisim\/","title":{"rendered":"\u0130leti\u015fim"},"content":{"rendered":"<div class=\"wpb-content-wrapper\"><p>[vc_row gap=&#8221;10&#8243;][vc_column width=&#8221;1\/2&#8243;][vc_custom_heading text=&#8221;Size Nas\u0131l Yard\u0131m Edebiliriz?&#8221; font_container=&#8221;tag:h3|text_align:center|color:%23d9b750&#8243; use_theme_fonts=&#8221;yes&#8221;][vc_separator color=&#8221;custom&#8221; border_width=&#8221;3&#8243; el_width=&#8221;70&#8243; accent_color=&#8221;#222e6a&#8221;][vc_empty_space][vc_empty_space][vc_column_text]<div id=\"quform-78f9c5\" class=\"quform quform-1 quform-support-page-caching\"><form id=\"quform-form-78f9c5\" class=\"quform-form quform-form-1\" action=\"\/tr\/wp-json\/wp\/v2\/pages\/4730#quform-78f9c5\" method=\"post\" enctype=\"multipart\/form-data\" novalidate=\"novalidate\" data-options=\"{&quot;id&quot;:1,&quot;uniqueId&quot;:&quot;78f9c5&quot;,&quot;theme&quot;:&quot;&quot;,&quot;ajax&quot;:true,&quot;logic&quot;:{&quot;logic&quot;:[],&quot;dependents&quot;:[],&quot;elementIds&quot;:[],&quot;dependentElementIds&quot;:[],&quot;animate&quot;:true},&quot;currentPageId&quot;:1,&quot;errorsIcon&quot;:&quot;&quot;,&quot;updateFancybox&quot;:true,&quot;hasPages&quot;:false,&quot;pages&quot;:[1],&quot;pageProgressType&quot;:&quot;numbers&quot;,&quot;tooltipsEnabled&quot;:true,&quot;tooltipClasses&quot;:&quot;qtip-quform-dark qtip-shadow&quot;,&quot;tooltipMy&quot;:&quot;left center&quot;,&quot;tooltipAt&quot;:&quot;right center&quot;,&quot;isRtl&quot;:false,&quot;scrollOffset&quot;:-50,&quot;scrollSpeed&quot;:800}\"><button class=\"quform-default-submit\" name=\"quform_submit\" type=\"submit\" value=\"submit\" aria-hidden=\"true\" tabindex=\"-1\"><\/button><div class=\"quform-form-inner quform-form-inner-1\"><input type=\"hidden\" name=\"quform_form_id\" value=\"1\" \/><input type=\"hidden\" name=\"quform_form_uid\" value=\"78f9c5\" \/><input type=\"hidden\" name=\"quform_count\" value=\"1\" \/><input type=\"hidden\" name=\"form_url\" value=\"https:\/\/fopseniorcitizensinc.com\/tr\/wp-json\/wp\/v2\/pages\/4730\" \/><input type=\"hidden\" name=\"referring_url\" value=\"\" \/><input type=\"hidden\" name=\"post_id\" value=\"\" \/><input type=\"hidden\" name=\"post_title\" value=\"\" \/><input type=\"hidden\" name=\"quform_current_page_id\" value=\"1\" \/><input type=\"hidden\" name=\"quform_csrf_token\" value=\"Xr4LGlPiI0DGhd3Bb18TnQ8VOXt7EurtsF7orxEN\" \/><div class=\"quform-elements quform-elements-1 quform-cf quform-responsive-elements-phone-landscape\"><div class=\"quform-element quform-element-page quform-page-1 quform-page-1_1 quform-cf quform-group-style-plain quform-first-page quform-last-page quform-current-page\"><div class=\"quform-child-elements\"><div class=\"quform-element quform-element-name quform-element-1_4 quform-cf quform-element-optional\"><div class=\"quform-spacer\"><div class=\"quform-label quform-label-1_4\"><label class=\"quform-label-text\" id=\"quform_1_4_78f9c5_label\">Name<\/label><\/div><div class=\"quform-inner quform-inner-name quform-inner-1_4\"><div class=\"quform-input quform-input-name quform-input-1_4 quform-cf\"><div class=\"quform-element-row quform-2-columns quform-element-row-size-fixed quform-responsive-columns-phone-landscape\"><div class=\"quform-element-column\"><div class=\"quform-element quform-element-text quform-element-1_4_2 quform-cf quform-element-optional\"><div class=\"quform-spacer\"><div class=\"quform-inner quform-inner-text quform-inner-1_4_2\"><div class=\"quform-input quform-input-text quform-input-1_4_2 quform-cf\"><input type=\"text\" id=\"quform_1_4_2_78f9c5\" name=\"quform_1_4[2]\" class=\"quform-field quform-field-text quform-field-1_4_2\" aria-labelledby=\"quform_1_4_78f9c5_label quform_1_4_2_78f9c5_sub_label_below\" \/><\/div><label id=\"quform_1_4_2_78f9c5_sub_label_below\" class=\"quform-sub-label quform-sub-label-below\">First<\/label><\/div><\/div><\/div><\/div><div class=\"quform-element-column\"><div class=\"quform-element quform-element-text quform-element-1_4_4 quform-cf quform-element-optional\"><div class=\"quform-spacer\"><div class=\"quform-inner quform-inner-text quform-inner-1_4_4\"><div class=\"quform-input quform-input-text quform-input-1_4_4 quform-cf\"><input type=\"text\" id=\"quform_1_4_4_78f9c5\" name=\"quform_1_4[4]\" class=\"quform-field quform-field-text quform-field-1_4_4\" aria-labelledby=\"quform_1_4_78f9c5_label quform_1_4_4_78f9c5_sub_label_below\" \/><\/div><label id=\"quform_1_4_4_78f9c5_sub_label_below\" class=\"quform-sub-label quform-sub-label-below\">Last<\/label><\/div><\/div><\/div><\/div><\/div><\/div><\/div><\/div><\/div><div class=\"quform-element quform-element-group quform-element-1_5 quform-cf quform-group-style-plain\"><div class=\"quform-spacer\"><div class=\"quform-child-elements\"><div class=\"quform-element quform-element-row quform-element-row-1_6 quform-2-columns quform-element-row-size-fixed quform-responsive-columns-phone-landscape\"><div class=\"quform-element quform-element-column quform-element-1_7\"><div class=\"quform-element quform-element-text quform-element-1_10 quform-cf quform-element-optional\"><div class=\"quform-spacer\"><div class=\"quform-label quform-label-1_10\"><span class=\"quform-label-icon\"><i class=\"fa fa-volume-control-phone\"><\/i><\/span><label class=\"quform-label-text\" for=\"quform_1_10_78f9c5\">Phone #<\/label><\/div><div class=\"quform-inner quform-inner-text quform-inner-1_10\"><div class=\"quform-input quform-input-text quform-input-1_10 quform-cf\"><input type=\"text\" id=\"quform_1_10_78f9c5\" name=\"quform_1_10\" class=\"quform-field quform-field-text quform-field-1_10\" \/><\/div><\/div><\/div><\/div><\/div><div class=\"quform-element quform-element-column quform-element-1_8\"><div class=\"quform-element quform-element-email quform-element-1_9 quform-cf quform-element-required\"><div class=\"quform-spacer\"><div class=\"quform-label quform-label-1_9\"><span class=\"quform-label-icon\"><i class=\"fa fa-envelope-o\"><\/i><\/span><label class=\"quform-label-text\" for=\"quform_1_9_78f9c5\">Email address<span class=\"quform-required\">*<\/span><\/label><\/div><div class=\"quform-inner quform-inner-email quform-inner-1_9\"><div class=\"quform-input quform-input-email quform-input-1_9 quform-cf\"><input type=\"email\" id=\"quform_1_9_78f9c5\" name=\"quform_1_9\" class=\"quform-field quform-field-email quform-field-1_9\" \/><\/div><\/div><\/div><\/div><\/div><\/div><\/div><\/div><\/div><div class=\"quform-element quform-element-textarea quform-element-1_11 quform-cf quform-element-optional\"><div class=\"quform-spacer\"><div class=\"quform-label quform-label-1_11\"><span class=\"quform-label-icon\"><i class=\"qicon-mode_edit\"><\/i><\/span><label class=\"quform-label-text\" for=\"quform_1_11_78f9c5\">How Can We Help You?<\/label><\/div><div class=\"quform-inner quform-inner-textarea quform-inner-1_11\"><div class=\"quform-input quform-input-textarea quform-input-1_11 quform-cf\"><textarea id=\"quform_1_11_78f9c5\" name=\"quform_1_11\" class=\"quform-field quform-field-textarea quform-field-1_11\"><\/textarea><\/div><\/div><\/div><\/div><div class=\"quform-element quform-element-recaptcha quform-element-1_14 quform-cf quform-element-required\"><div class=\"quform-spacer\"><div class=\"quform-label quform-label-1_14\"><label class=\"quform-label-text\">Are you human?<span class=\"quform-required\">*<\/span><\/label><\/div><div class=\"quform-inner quform-inner-recaptcha quform-inner-1_14\"><div class=\"quform-input quform-input-recaptcha quform-input-1_14 quform-cf\"><div class=\"quform-recaptcha\" data-config=\"{&quot;sitekey&quot;:&quot;6LdFs3EoAAAAABkfLD6s0M3ZaMDzUe_CLSlfqGnH&quot;,&quot;_version&quot;:&quot;v2&quot;,&quot;size&quot;:&quot;normal&quot;,&quot;type&quot;:&quot;image&quot;,&quot;theme&quot;:&quot;light&quot;,&quot;badge&quot;:&quot;bottomright&quot;}\"><\/div><noscript><div><div style=\"width: 302px; height: 422px; position: relative;\"><div style=\"width: 302px; height: 422px; position: absolute;\"><iframe src=\"https:\/\/www.google.com\/recaptcha\/api\/fallback?k=6LdFs3EoAAAAABkfLD6s0M3ZaMDzUe_CLSlfqGnH\" frameborder=\"0\" scrolling=\"no\" style=\"width: 302px; height:422px; border-style: none;\"><\/iframe><\/div><\/div><div style=\"width: 300px; height: 60px; border-style: none; bottom: 12px; left: 25px; margin: 0px; padding: 0px; right: 25px; background: #f9f9f9; border: 1px solid #c1c1c1; border-radius: 3px;\"><textarea name=\"g-recaptcha-response\" class=\"g-recaptcha-response\" style=\"width: 250px; height: 40px; border: 1px solid #c1c1c1; margin: 10px 25px; padding: 0px; resize: none;\" aria-hidden=\"true\"><\/textarea><\/div><\/div><\/noscript><\/div><\/div><\/div><\/div><div class=\"quform-element quform-element-submit quform-element-1_2 quform-cf quform-button-style-theme\"><div class=\"quform-button-submit quform-button-submit-default quform-button-submit-1_2\"><button name=\"quform_submit\" type=\"submit\" class=\"quform-submit\" value=\"submit\"><span class=\"quform-button-text quform-button-submit-text\">G\u00f6nder<\/span><\/button><\/div><div class=\"quform-loading quform-loading-position-left quform-loading-type-spinner-1\"><div class=\"quform-loading-inner\"><div class=\"quform-loading-spinner\"><div class=\"quform-loading-spinner-inner\"><\/div><\/div><\/div><\/div><\/div><div class=\"quform-element-tree\"><label for=\"quform_1_0_78f9c5\">Bu alan bo\u015f b\u0131rak\u0131lmal\u0131d\u0131r<\/label><input type=\"text\" id=\"quform_1_0_78f9c5\" name=\"quform_1_0\" class=\"quform-field quform-field-tree quform-field-1_0\" tabindex=\"-1\" autocomplete=\"off\" \/><\/div><\/div><\/div><\/div><\/div><\/form><\/div>[\/vc_column_text][\/vc_column][vc_column width=&#8221;1\/2&#8243;][vc_custom_heading text=&#8221;Konumumuz&#8221; font_container=&#8221;tag:h3|text_align:center|color:%23d9b750&#8243; use_theme_fonts=&#8221;yes&#8221;][vc_separator color=&#8221;custom&#8221; border_width=&#8221;3&#8243; el_width=&#8221;70&#8243; accent_color=&#8221;#222e6a&#8221;][vc_empty_space][vc_empty_space][vc_column_text]<\/p>\n<p style=\"text-align: center;\"><iframe loading=\"lazy\" style=\"border: 0;\" src=\"https:\/\/www.google.com\/maps\/embed?pb=!1m18!1m12!1m3!1d3050.9239715268727!2d-75.0161673234343!3d40.12169777354228!2m3!1f0!2f0!3f0!3m2!1i1024!2i768!4f13.1!3m3!1m2!1s0x89c6b28abeb111d9%3A0x65cd1c2dbb3d1f00!2sFOP%20Senior%20Citizens%20Inc!5e0!3m2!1sen!2sus!4v1691451491572!5m2!1sen!2sus\" width=\"600\" height=\"450\" allowfullscreen=\"allowfullscreen\"><\/iframe><\/p>\n<p>[\/vc_column_text][vc_empty_space][vc_separator color=&#8221;custom&#8221; border_width=&#8221;3&#8243; accent_color=&#8221;#d9b750&#8243;][vc_column_text]<\/p>\n<p style=\"text-align: center;\"><strong>730 Byberry Yolu<\/strong><\/p>\n<p style=\"text-align: center;\"><strong>Philadelphia, PA 19116<\/strong><\/p>\n<p style=\"text-align: center;\"><strong>215-677-9120<\/strong><\/p>\n<p style=\"text-align: center;\"><img loading=\"lazy\" decoding=\"async\" class=\"size-full wp-image-4195 aligncenter\" src=\"https:\/\/fopseniorcitiz.wpengine.com\/wp-content\/uploads\/2023\/08\/NavBarLogoFOP-SC-INC-art.png\" alt=\"\" width=\"282\" height=\"82\"><\/p>\n<p>[\/vc_column_text][vc_empty_space][\/vc_column][\/vc_row]<\/p>\n<\/div>","protected":false},"excerpt":{"rendered":"<p>[vc_row gap=&#8221;10&#8243;][vc_column width=&#8221;1\/2&#8243;][vc_custom_heading text=&#8221;Size Nas\u0131l Yard\u0131m Edebiliriz?&#8221; font_container=&#8221;tag:h3|text_align:center|color:%23d9b750&#8243; use_theme_fonts=&#8221;yes&#8221;][vc_separator color=&#8221;custom&#8221; border_width=&#8221;3&#8243; el_width=&#8221;70&#8243; accent_color=&#8221;#222e6a&#8221;][vc_empty_space][vc_empty_space][vc_column_text][\/vc_column_text][\/vc_column][vc_column width=&#8221;1\/2&#8243;][vc_custom_heading text=&#8221;Konumumuz&#8221; font_container=&#8221;tag:h3|text_align:center|color:%23d9b750&#8243; use_theme_fonts=&#8221;yes&#8221;][vc_separator color=&#8221;custom&#8221; border_width=&#8221;3&#8243; el_width=&#8221;70&#8243; accent_color=&#8221;#222e6a&#8221;][vc_empty_space][vc_empty_space][vc_column_text][\/vc_column_text][vc_empty_space][vc_separator color=&#8221;custom&#8221; border_width=&#8221;3&#8243; accent_color=&#8221;#d9b750&#8243;][vc_column_text] 730 Byberry Yolu Philadelphia, PA [&hellip;]<\/p>\n","protected":false},"author":1,"featured_media":0,"parent":0,"menu_order":50,"comment_status":"closed","ping_status":"closed","template":"","meta":{"give_campaign_id":0,"footnotes":""},"class_list":["post-4730","page","type-page","status-publish","hentry"],"yoast_head":"<!-- This site is optimized with the Yoast SEO plugin v27.0 - https:\/\/yoast.com\/product\/yoast-seo-wordpress\/ -->\n<title>Size Nas\u0131l Yard\u0131mc\u0131 Olabilece\u011fimizi Bize Bildirin?<\/title>\n<meta name=\"description\" content=\"Size Nas\u0131l Yard\u0131mc\u0131 Olabilece\u011fimizi Bize Bildirin?\" \/>\n<meta name=\"robots\" content=\"index, follow, max-snippet:-1, max-image-preview:large, max-video-preview:-1\" \/>\n<link rel=\"canonical\" href=\"https:\/\/fopseniorcitizensinc.com\/tr\/iletisim\/\" \/>\n<meta property=\"og:locale\" content=\"tr_TR\" \/>\n<meta property=\"og:type\" content=\"article\" \/>\n<meta property=\"og:title\" content=\"Size Nas\u0131l Yard\u0131mc\u0131 Olabilece\u011fimizi Bize Bildirin?\" \/>\n<meta property=\"og:description\" content=\"Size Nas\u0131l Yard\u0131mc\u0131 Olabilece\u011fimizi Bize Bildirin?\" \/>\n<meta property=\"og:url\" content=\"https:\/\/fopseniorcitizensinc.com\/tr\/iletisim\/\" \/>\n<meta property=\"og:site_name\" content=\"FOP Senior Citizens, Inc.\" \/>\n<meta property=\"article:modified_time\" content=\"2024-07-22T19:11:18+00:00\" \/>\n<meta property=\"og:image\" content=\"https:\/\/fopseniorcitiz.wpengine.com\/wp-content\/uploads\/2023\/08\/NavBarLogoFOP-SC-INC-art.png\" \/>\n<meta name=\"twitter:card\" content=\"summary_large_image\" \/>\n<meta name=\"twitter:label1\" content=\"Tahmini okuma s\u00fcresi\" \/>\n\t<meta name=\"twitter:data1\" content=\"1 dakika\" \/>\n<script type=\"application\/ld+json\" class=\"yoast-schema-graph\">{\"@context\":\"https:\/\/schema.org\",\"@graph\":[{\"@type\":\"WebPage\",\"@id\":\"https:\/\/fopseniorcitizensinc.com\/tr\/iletisim\/\",\"url\":\"https:\/\/fopseniorcitizensinc.com\/tr\/iletisim\/\",\"name\":\"Size Nas\u0131l Yard\u0131mc\u0131 Olabilece\u011fimizi Bize Bildirin?\",\"isPartOf\":{\"@id\":\"https:\/\/fopseniorcitizensinc.com\/tr\/#website\"},\"primaryImageOfPage\":{\"@id\":\"https:\/\/fopseniorcitizensinc.com\/tr\/iletisim\/#primaryimage\"},\"image\":{\"@id\":\"https:\/\/fopseniorcitizensinc.com\/tr\/iletisim\/#primaryimage\"},\"thumbnailUrl\":\"https:\/\/fopseniorcitiz.wpengine.com\/wp-content\/uploads\/2023\/08\/NavBarLogoFOP-SC-INC-art.png\",\"datePublished\":\"2023-10-01T15:52:48+00:00\",\"dateModified\":\"2024-07-22T19:11:18+00:00\",\"description\":\"Size Nas\u0131l Yard\u0131mc\u0131 Olabilece\u011fimizi Bize Bildirin?\",\"breadcrumb\":{\"@id\":\"https:\/\/fopseniorcitizensinc.com\/tr\/iletisim\/#breadcrumb\"},\"inLanguage\":\"tr\",\"potentialAction\":[{\"@type\":\"ReadAction\",\"target\":[\"https:\/\/fopseniorcitizensinc.com\/tr\/iletisim\/\"]}]},{\"@type\":\"ImageObject\",\"inLanguage\":\"tr\",\"@id\":\"https:\/\/fopseniorcitizensinc.com\/tr\/iletisim\/#primaryimage\",\"url\":\"https:\/\/fopseniorcitiz.wpengine.com\/wp-content\/uploads\/2023\/08\/NavBarLogoFOP-SC-INC-art.png\",\"contentUrl\":\"https:\/\/fopseniorcitiz.wpengine.com\/wp-content\/uploads\/2023\/08\/NavBarLogoFOP-SC-INC-art.png\"},{\"@type\":\"BreadcrumbList\",\"@id\":\"https:\/\/fopseniorcitizensinc.com\/tr\/iletisim\/#breadcrumb\",\"itemListElement\":[{\"@type\":\"ListItem\",\"position\":1,\"name\":\"Home\",\"item\":\"https:\/\/fopseniorcitizensinc.com\/tr\/\"},{\"@type\":\"ListItem\",\"position\":2,\"name\":\"\u0130leti\u015fim\"}]},{\"@type\":\"WebSite\",\"@id\":\"https:\/\/fopseniorcitizensinc.com\/tr\/#website\",\"url\":\"https:\/\/fopseniorcitizensinc.com\/tr\/\",\"name\":\"FOP Senior Citizens, Inc.\",\"description\":\"A Senior Affordable Living Community\",\"publisher\":{\"@id\":\"https:\/\/fopseniorcitizensinc.com\/tr\/#organization\"},\"potentialAction\":[{\"@type\":\"SearchAction\",\"target\":{\"@type\":\"EntryPoint\",\"urlTemplate\":\"https:\/\/fopseniorcitizensinc.com\/tr\/?s={search_term_string}\"},\"query-input\":{\"@type\":\"PropertyValueSpecification\",\"valueRequired\":true,\"valueName\":\"search_term_string\"}}],\"inLanguage\":\"tr\"},{\"@type\":\"Organization\",\"@id\":\"https:\/\/fopseniorcitizensinc.com\/tr\/#organization\",\"name\":\"FOP Senior Citizens, Inc.\",\"url\":\"https:\/\/fopseniorcitizensinc.com\/tr\/\",\"logo\":{\"@type\":\"ImageObject\",\"inLanguage\":\"tr\",\"@id\":\"https:\/\/fopseniorcitizensinc.com\/tr\/#\/schema\/logo\/image\/\",\"url\":\"https:\/\/fopseniorcitizensinc.com\/wp-content\/uploads\/2023\/07\/FOP-SC-INC-artLogoSmalller2.jpg\",\"contentUrl\":\"https:\/\/fopseniorcitizensinc.com\/wp-content\/uploads\/2023\/07\/FOP-SC-INC-artLogoSmalller2.jpg\",\"width\":250,\"height\":82,\"caption\":\"FOP Senior Citizens, Inc.\"},\"image\":{\"@id\":\"https:\/\/fopseniorcitizensinc.com\/tr\/#\/schema\/logo\/image\/\"}}]}<\/script>\n<!-- \/ Yoast SEO plugin. -->","yoast_head_json":{"title":"Size Nas\u0131l Yard\u0131mc\u0131 Olabilece\u011fimizi Bize Bildirin?","description":"Size Nas\u0131l Yard\u0131mc\u0131 Olabilece\u011fimizi Bize Bildirin?","robots":{"index":"index","follow":"follow","max-snippet":"max-snippet:-1","max-image-preview":"max-image-preview:large","max-video-preview":"max-video-preview:-1"},"canonical":"https:\/\/fopseniorcitizensinc.com\/tr\/iletisim\/","og_locale":"tr_TR","og_type":"article","og_title":"Size Nas\u0131l Yard\u0131mc\u0131 Olabilece\u011fimizi Bize Bildirin?","og_description":"Size Nas\u0131l Yard\u0131mc\u0131 Olabilece\u011fimizi Bize Bildirin?","og_url":"https:\/\/fopseniorcitizensinc.com\/tr\/iletisim\/","og_site_name":"FOP Senior Citizens, Inc.","article_modified_time":"2024-07-22T19:11:18+00:00","og_image":[{"url":"https:\/\/fopseniorcitiz.wpengine.com\/wp-content\/uploads\/2023\/08\/NavBarLogoFOP-SC-INC-art.png","type":"","width":"","height":""}],"twitter_card":"summary_large_image","twitter_misc":{"Tahmini okuma s\u00fcresi":"1 dakika"},"schema":{"@context":"https:\/\/schema.org","@graph":[{"@type":"WebPage","@id":"https:\/\/fopseniorcitizensinc.com\/tr\/iletisim\/","url":"https:\/\/fopseniorcitizensinc.com\/tr\/iletisim\/","name":"Size Nas\u0131l Yard\u0131mc\u0131 Olabilece\u011fimizi Bize Bildirin?","isPartOf":{"@id":"https:\/\/fopseniorcitizensinc.com\/tr\/#website"},"primaryImageOfPage":{"@id":"https:\/\/fopseniorcitizensinc.com\/tr\/iletisim\/#primaryimage"},"image":{"@id":"https:\/\/fopseniorcitizensinc.com\/tr\/iletisim\/#primaryimage"},"thumbnailUrl":"https:\/\/fopseniorcitiz.wpengine.com\/wp-content\/uploads\/2023\/08\/NavBarLogoFOP-SC-INC-art.png","datePublished":"2023-10-01T15:52:48+00:00","dateModified":"2024-07-22T19:11:18+00:00","description":"Size Nas\u0131l Yard\u0131mc\u0131 Olabilece\u011fimizi Bize Bildirin?","breadcrumb":{"@id":"https:\/\/fopseniorcitizensinc.com\/tr\/iletisim\/#breadcrumb"},"inLanguage":"tr","potentialAction":[{"@type":"ReadAction","target":["https:\/\/fopseniorcitizensinc.com\/tr\/iletisim\/"]}]},{"@type":"ImageObject","inLanguage":"tr","@id":"https:\/\/fopseniorcitizensinc.com\/tr\/iletisim\/#primaryimage","url":"https:\/\/fopseniorcitiz.wpengine.com\/wp-content\/uploads\/2023\/08\/NavBarLogoFOP-SC-INC-art.png","contentUrl":"https:\/\/fopseniorcitiz.wpengine.com\/wp-content\/uploads\/2023\/08\/NavBarLogoFOP-SC-INC-art.png"},{"@type":"BreadcrumbList","@id":"https:\/\/fopseniorcitizensinc.com\/tr\/iletisim\/#breadcrumb","itemListElement":[{"@type":"ListItem","position":1,"name":"Home","item":"https:\/\/fopseniorcitizensinc.com\/tr\/"},{"@type":"ListItem","position":2,"name":"\u0130leti\u015fim"}]},{"@type":"WebSite","@id":"https:\/\/fopseniorcitizensinc.com\/tr\/#website","url":"https:\/\/fopseniorcitizensinc.com\/tr\/","name":"FOP Senior Citizens, Inc.","description":"A Senior Affordable Living Community","publisher":{"@id":"https:\/\/fopseniorcitizensinc.com\/tr\/#organization"},"potentialAction":[{"@type":"SearchAction","target":{"@type":"EntryPoint","urlTemplate":"https:\/\/fopseniorcitizensinc.com\/tr\/?s={search_term_string}"},"query-input":{"@type":"PropertyValueSpecification","valueRequired":true,"valueName":"search_term_string"}}],"inLanguage":"tr"},{"@type":"Organization","@id":"https:\/\/fopseniorcitizensinc.com\/tr\/#organization","name":"FOP Senior Citizens, Inc.","url":"https:\/\/fopseniorcitizensinc.com\/tr\/","logo":{"@type":"ImageObject","inLanguage":"tr","@id":"https:\/\/fopseniorcitizensinc.com\/tr\/#\/schema\/logo\/image\/","url":"https:\/\/fopseniorcitizensinc.com\/wp-content\/uploads\/2023\/07\/FOP-SC-INC-artLogoSmalller2.jpg","contentUrl":"https:\/\/fopseniorcitizensinc.com\/wp-content\/uploads\/2023\/07\/FOP-SC-INC-artLogoSmalller2.jpg","width":250,"height":82,"caption":"FOP Senior Citizens, Inc."},"image":{"@id":"https:\/\/fopseniorcitizensinc.com\/tr\/#\/schema\/logo\/image\/"}}]}},"campaignId":"","_links":{"self":[{"href":"https:\/\/fopseniorcitizensinc.com\/tr\/wp-json\/wp\/v2\/pages\/4730","targetHints":{"allow":["GET"]}}],"collection":[{"href":"https:\/\/fopseniorcitizensinc.com\/tr\/wp-json\/wp\/v2\/pages"}],"about":[{"href":"https:\/\/fopseniorcitizensinc.com\/tr\/wp-json\/wp\/v2\/types\/page"}],"author":[{"embeddable":true,"href":"https:\/\/fopseniorcitizensinc.com\/tr\/wp-json\/wp\/v2\/users\/1"}],"replies":[{"embeddable":true,"href":"https:\/\/fopseniorcitizensinc.com\/tr\/wp-json\/wp\/v2\/comments?post=4730"}],"version-history":[{"count":0,"href":"https:\/\/fopseniorcitizensinc.com\/tr\/wp-json\/wp\/v2\/pages\/4730\/revisions"}],"wp:attachment":[{"href":"https:\/\/fopseniorcitizensinc.com\/tr\/wp-json\/wp\/v2\/media?parent=4730"}],"curies":[{"name":"wp","href":"https:\/\/api.w.org\/{rel}","templated":true}]}}