{"id":4739,"date":"2023-08-31T09:44:20","date_gmt":"2023-08-31T13:44:20","guid":{"rendered":"https:\/\/fopseniorcitiz.wpengine.com\/liderlik\/"},"modified":"2025-04-30T13:37:34","modified_gmt":"2025-04-30T17:37:34","slug":"liderlik","status":"publish","type":"page","link":"https:\/\/fopseniorcitizensinc.com\/tr\/liderlik\/","title":{"rendered":"Liderlik"},"content":{"rendered":"<div class=\"wpb-content-wrapper\"><p>[vc_row][vc_column][vc_empty_space height=&#8221;5em&#8221;][vc_custom_heading source=&#8221;post_title&#8221; font_container=&#8221;tag:h2|text_align:center|color:%23222e6a&#8221; use_theme_fonts=&#8221;yes&#8221;][vc_separator color=&#8221;custom&#8221; border_width=&#8221;3&#8243; el_width=&#8221;50&#8243; accent_color=&#8221;#d9b750&#8243;][\/vc_column][\/vc_row][vc_row][vc_column width=&#8221;1\/12&#8243;][\/vc_column][vc_column width=&#8221;5\/12&#8243;][vc_column_text css=&#8221;&#8221;]<\/p>\n<h3 style=\"text-align: center;\"><span style=\"color: #d9b750;\">Memurlar<\/span><\/h3>\n<h5 style=\"text-align: center;\">Thomas Macartney Ba\u015fkan<\/h5>\n<h5 style=\"text-align: center;\">Gene Cummings Ba\u015fkan Yard\u0131mc\u0131s\u0131<\/h5>\n<h5 style=\"text-align: center;\">Edward Hays Sekreter<\/h5>\n<p>[\/vc_column_text][\/vc_column][vc_column width=&#8221;5\/12&#8243;][vc_column_text css=&#8221;&#8221;]<\/p>\n<h3 style=\"text-align: center;\"><span style=\"color: #d9b750;\">Y\u00f6netim Kurulu<\/span><\/h3>\n<h5 style=\"text-align: center;\">Kevin Devlin<\/h5>\n<h5 style=\"text-align: center;\">Edmond Margerum<\/h5>\n<h5 style=\"text-align: center;\">William Schmid<\/h5>\n<h5 style=\"text-align: center;\">Steve Weiler<\/h5>\n<h5 style=\"text-align: center;\">John Zawiscza<\/h5>\n<p>[\/vc_column_text][vc_empty_space height=&#8221;1em&#8221;][\/vc_column][vc_column width=&#8221;1\/12&#8243;][\/vc_column][\/vc_row][vc_row full_width=&#8221;stretch_row&#8221; css=&#8221;.vc_custom_1474278271343{background-image: url(https:\/\/fopseniorcitiz.wpengine.com\/wp-content\/uploads\/2016\/09\/bg-5.jpg?id=555) !important;background-position: center !important;background-repeat: no-repeat !important;background-size: cover !important;}&#8221;][vc_column][vc_empty_space height=&#8221;1em&#8221;][\/vc_column][\/vc_row][vc_row full_width=&#8221;stretch_row&#8221; css=&#8221;.vc_custom_1693235528275{background-color: #222e6a !important;}&#8221;][vc_column width=&#8221;1\/6&#8243;][\/vc_column][vc_column width=&#8221;2\/3&#8243;][vc_empty_space][vc_empty_space][vc_cta h2=&#8221;&#8221; h4=&#8221;Sorusu olan? Size nas\u0131l yard\u0131mc\u0131 olabilece\u011fimizi bize bildirin.&#8221; style=&#8221;custom&#8221; add_button=&#8221;right&#8221; btn_title=&#8221;Daha Fazla Bilgi \u0130\u00e7in Bize Ula\u015f\u0131n&#8221; btn_style=&#8221;outline-custom&#8221; btn_outline_custom_color=&#8221;#222e6a&#8221; btn_outline_custom_hover_background=&#8221;#ffffff&#8221; btn_outline_custom_hover_text=&#8221;#d9b750&#8243; btn_align=&#8221;right&#8221; btn_css_animation=&#8221;fadeIn&#8221; custom_background=&#8221;#d9b750&#8243; custom_text=&#8221;#222e6a&#8221; btn_link=&#8221;url:https%3A%2F%2Ffopseniorcitiz.wpengine.com%2Fcontacts%2F|title:%C4%B0leti%C5%9Fim|&#8221;][\/vc_cta][vc_empty_space][\/vc_column][vc_column width=&#8221;1\/6&#8243;][\/vc_column][\/vc_row]<\/p>\n<\/div>","protected":false},"excerpt":{"rendered":"<p>[vc_row][vc_column][vc_empty_space height=&#8221;5em&#8221;][vc_custom_heading source=&#8221;post_title&#8221; font_container=&#8221;tag:h2|text_align:center|color:%23222e6a&#8221; use_theme_fonts=&#8221;yes&#8221;][vc_separator color=&#8221;custom&#8221; border_width=&#8221;3&#8243; el_width=&#8221;50&#8243; accent_color=&#8221;#d9b750&#8243;][\/vc_column][\/vc_row][vc_row][vc_column width=&#8221;1\/12&#8243;][\/vc_column][vc_column width=&#8221;5\/12&#8243;][vc_column_text css=&#8221;&#8221;] Memurlar Thomas Macartney Ba\u015fkan Gene Cummings Ba\u015fkan Yard\u0131mc\u0131s\u0131 Edward Hays Sekreter [\/vc_column_text][\/vc_column][vc_column width=&#8221;5\/12&#8243;][vc_column_text css=&#8221;&#8221;] Y\u00f6netim Kurulu Kevin Devlin [&hellip;]<\/p>\n","protected":false},"author":1,"featured_media":0,"parent":0,"menu_order":25,"comment_status":"closed","ping_status":"closed","template":"","meta":{"give_campaign_id":0,"footnotes":""},"class_list":["post-4739","page","type-page","status-publish","hentry"],"yoast_head":"<!-- This site is optimized with the Yoast SEO plugin v27.0 - https:\/\/yoast.com\/product\/yoast-seo-wordpress\/ -->\n<title>Liderlik - FOP Senior Citizens, Inc.<\/title>\n<meta name=\"robots\" content=\"index, follow, max-snippet:-1, max-image-preview:large, max-video-preview:-1\" \/>\n<link rel=\"canonical\" href=\"https:\/\/fopseniorcitizensinc.com\/tr\/liderlik\/\" \/>\n<meta property=\"og:locale\" content=\"tr_TR\" \/>\n<meta property=\"og:type\" content=\"article\" \/>\n<meta property=\"og:title\" content=\"Liderlik - FOP Senior Citizens, Inc.\" \/>\n<meta property=\"og:description\" content=\"[vc_row][vc_column][vc_empty_space height=&#8221;5em&#8221;][vc_custom_heading source=&#8221;post_title&#8221; font_container=&#8221;tag:h2|text_align:center|color:%23222e6a&#8221; use_theme_fonts=&#8221;yes&#8221;][vc_separator color=&#8221;custom&#8221; border_width=&#8221;3&#8243; el_width=&#8221;50&#8243; accent_color=&#8221;#d9b750&#8243;][\/vc_column][\/vc_row][vc_row][vc_column width=&#8221;1\/12&#8243;][\/vc_column][vc_column width=&#8221;5\/12&#8243;][vc_column_text css=&#8221;&#8221;] Memurlar Thomas Macartney Ba\u015fkan Gene Cummings Ba\u015fkan Yard\u0131mc\u0131s\u0131 Edward Hays Sekreter [\/vc_column_text][\/vc_column][vc_column width=&#8221;5\/12&#8243;][vc_column_text css=&#8221;&#8221;] Y\u00f6netim Kurulu Kevin Devlin [&hellip;]\" \/>\n<meta property=\"og:url\" content=\"https:\/\/fopseniorcitizensinc.com\/tr\/liderlik\/\" \/>\n<meta property=\"og:site_name\" content=\"FOP Senior Citizens, Inc.\" \/>\n<meta property=\"article:modified_time\" content=\"2025-04-30T17:37:34+00:00\" \/>\n<meta name=\"twitter:card\" content=\"summary_large_image\" \/>\n<meta name=\"twitter:label1\" content=\"Tahmini okuma s\u00fcresi\" \/>\n\t<meta name=\"twitter:data1\" content=\"1 dakika\" \/>\n<script type=\"application\/ld+json\" class=\"yoast-schema-graph\">{\"@context\":\"https:\/\/schema.org\",\"@graph\":[{\"@type\":\"WebPage\",\"@id\":\"https:\/\/fopseniorcitizensinc.com\/tr\/liderlik\/\",\"url\":\"https:\/\/fopseniorcitizensinc.com\/tr\/liderlik\/\",\"name\":\"Liderlik - FOP Senior Citizens, Inc.\",\"isPartOf\":{\"@id\":\"https:\/\/fopseniorcitizensinc.com\/tr\/#website\"},\"datePublished\":\"2023-08-31T13:44:20+00:00\",\"dateModified\":\"2025-04-30T17:37:34+00:00\",\"breadcrumb\":{\"@id\":\"https:\/\/fopseniorcitizensinc.com\/tr\/liderlik\/#breadcrumb\"},\"inLanguage\":\"tr\",\"potentialAction\":[{\"@type\":\"ReadAction\",\"target\":[\"https:\/\/fopseniorcitizensinc.com\/tr\/liderlik\/\"]}]},{\"@type\":\"BreadcrumbList\",\"@id\":\"https:\/\/fopseniorcitizensinc.com\/tr\/liderlik\/#breadcrumb\",\"itemListElement\":[{\"@type\":\"ListItem\",\"position\":1,\"name\":\"Home\",\"item\":\"https:\/\/fopseniorcitizensinc.com\/tr\/\"},{\"@type\":\"ListItem\",\"position\":2,\"name\":\"Liderlik\"}]},{\"@type\":\"WebSite\",\"@id\":\"https:\/\/fopseniorcitizensinc.com\/tr\/#website\",\"url\":\"https:\/\/fopseniorcitizensinc.com\/tr\/\",\"name\":\"FOP Senior Citizens, Inc.\",\"description\":\"A Senior Affordable Living Community\",\"publisher\":{\"@id\":\"https:\/\/fopseniorcitizensinc.com\/tr\/#organization\"},\"potentialAction\":[{\"@type\":\"SearchAction\",\"target\":{\"@type\":\"EntryPoint\",\"urlTemplate\":\"https:\/\/fopseniorcitizensinc.com\/tr\/?s={search_term_string}\"},\"query-input\":{\"@type\":\"PropertyValueSpecification\",\"valueRequired\":true,\"valueName\":\"search_term_string\"}}],\"inLanguage\":\"tr\"},{\"@type\":\"Organization\",\"@id\":\"https:\/\/fopseniorcitizensinc.com\/tr\/#organization\",\"name\":\"FOP Senior Citizens, Inc.\",\"url\":\"https:\/\/fopseniorcitizensinc.com\/tr\/\",\"logo\":{\"@type\":\"ImageObject\",\"inLanguage\":\"tr\",\"@id\":\"https:\/\/fopseniorcitizensinc.com\/tr\/#\/schema\/logo\/image\/\",\"url\":\"https:\/\/fopseniorcitizensinc.com\/wp-content\/uploads\/2023\/07\/FOP-SC-INC-artLogoSmalller2.jpg\",\"contentUrl\":\"https:\/\/fopseniorcitizensinc.com\/wp-content\/uploads\/2023\/07\/FOP-SC-INC-artLogoSmalller2.jpg\",\"width\":250,\"height\":82,\"caption\":\"FOP Senior Citizens, Inc.\"},\"image\":{\"@id\":\"https:\/\/fopseniorcitizensinc.com\/tr\/#\/schema\/logo\/image\/\"}}]}<\/script>\n<!-- \/ Yoast SEO plugin. -->","yoast_head_json":{"title":"Liderlik - FOP Senior Citizens, Inc.","robots":{"index":"index","follow":"follow","max-snippet":"max-snippet:-1","max-image-preview":"max-image-preview:large","max-video-preview":"max-video-preview:-1"},"canonical":"https:\/\/fopseniorcitizensinc.com\/tr\/liderlik\/","og_locale":"tr_TR","og_type":"article","og_title":"Liderlik - FOP Senior Citizens, Inc.","og_description":"[vc_row][vc_column][vc_empty_space height=&#8221;5em&#8221;][vc_custom_heading source=&#8221;post_title&#8221; font_container=&#8221;tag:h2|text_align:center|color:%23222e6a&#8221; use_theme_fonts=&#8221;yes&#8221;][vc_separator color=&#8221;custom&#8221; border_width=&#8221;3&#8243; el_width=&#8221;50&#8243; accent_color=&#8221;#d9b750&#8243;][\/vc_column][\/vc_row][vc_row][vc_column width=&#8221;1\/12&#8243;][\/vc_column][vc_column width=&#8221;5\/12&#8243;][vc_column_text css=&#8221;&#8221;] Memurlar Thomas Macartney Ba\u015fkan Gene Cummings Ba\u015fkan Yard\u0131mc\u0131s\u0131 Edward Hays Sekreter [\/vc_column_text][\/vc_column][vc_column width=&#8221;5\/12&#8243;][vc_column_text css=&#8221;&#8221;] Y\u00f6netim Kurulu Kevin Devlin [&hellip;]","og_url":"https:\/\/fopseniorcitizensinc.com\/tr\/liderlik\/","og_site_name":"FOP Senior Citizens, Inc.","article_modified_time":"2025-04-30T17:37:34+00:00","twitter_card":"summary_large_image","twitter_misc":{"Tahmini okuma s\u00fcresi":"1 dakika"},"schema":{"@context":"https:\/\/schema.org","@graph":[{"@type":"WebPage","@id":"https:\/\/fopseniorcitizensinc.com\/tr\/liderlik\/","url":"https:\/\/fopseniorcitizensinc.com\/tr\/liderlik\/","name":"Liderlik - FOP Senior Citizens, Inc.","isPartOf":{"@id":"https:\/\/fopseniorcitizensinc.com\/tr\/#website"},"datePublished":"2023-08-31T13:44:20+00:00","dateModified":"2025-04-30T17:37:34+00:00","breadcrumb":{"@id":"https:\/\/fopseniorcitizensinc.com\/tr\/liderlik\/#breadcrumb"},"inLanguage":"tr","potentialAction":[{"@type":"ReadAction","target":["https:\/\/fopseniorcitizensinc.com\/tr\/liderlik\/"]}]},{"@type":"BreadcrumbList","@id":"https:\/\/fopseniorcitizensinc.com\/tr\/liderlik\/#breadcrumb","itemListElement":[{"@type":"ListItem","position":1,"name":"Home","item":"https:\/\/fopseniorcitizensinc.com\/tr\/"},{"@type":"ListItem","position":2,"name":"Liderlik"}]},{"@type":"WebSite","@id":"https:\/\/fopseniorcitizensinc.com\/tr\/#website","url":"https:\/\/fopseniorcitizensinc.com\/tr\/","name":"FOP Senior Citizens, Inc.","description":"A Senior Affordable Living Community","publisher":{"@id":"https:\/\/fopseniorcitizensinc.com\/tr\/#organization"},"potentialAction":[{"@type":"SearchAction","target":{"@type":"EntryPoint","urlTemplate":"https:\/\/fopseniorcitizensinc.com\/tr\/?s={search_term_string}"},"query-input":{"@type":"PropertyValueSpecification","valueRequired":true,"valueName":"search_term_string"}}],"inLanguage":"tr"},{"@type":"Organization","@id":"https:\/\/fopseniorcitizensinc.com\/tr\/#organization","name":"FOP Senior Citizens, Inc.","url":"https:\/\/fopseniorcitizensinc.com\/tr\/","logo":{"@type":"ImageObject","inLanguage":"tr","@id":"https:\/\/fopseniorcitizensinc.com\/tr\/#\/schema\/logo\/image\/","url":"https:\/\/fopseniorcitizensinc.com\/wp-content\/uploads\/2023\/07\/FOP-SC-INC-artLogoSmalller2.jpg","contentUrl":"https:\/\/fopseniorcitizensinc.com\/wp-content\/uploads\/2023\/07\/FOP-SC-INC-artLogoSmalller2.jpg","width":250,"height":82,"caption":"FOP Senior Citizens, Inc."},"image":{"@id":"https:\/\/fopseniorcitizensinc.com\/tr\/#\/schema\/logo\/image\/"}}]}},"campaignId":"","_links":{"self":[{"href":"https:\/\/fopseniorcitizensinc.com\/tr\/wp-json\/wp\/v2\/pages\/4739","targetHints":{"allow":["GET"]}}],"collection":[{"href":"https:\/\/fopseniorcitizensinc.com\/tr\/wp-json\/wp\/v2\/pages"}],"about":[{"href":"https:\/\/fopseniorcitizensinc.com\/tr\/wp-json\/wp\/v2\/types\/page"}],"author":[{"embeddable":true,"href":"https:\/\/fopseniorcitizensinc.com\/tr\/wp-json\/wp\/v2\/users\/1"}],"replies":[{"embeddable":true,"href":"https:\/\/fopseniorcitizensinc.com\/tr\/wp-json\/wp\/v2\/comments?post=4739"}],"version-history":[{"count":0,"href":"https:\/\/fopseniorcitizensinc.com\/tr\/wp-json\/wp\/v2\/pages\/4739\/revisions"}],"wp:attachment":[{"href":"https:\/\/fopseniorcitizensinc.com\/tr\/wp-json\/wp\/v2\/media?parent=4739"}],"curies":[{"name":"wp","href":"https:\/\/api.w.org\/{rel}","templated":true}]}}