{"id":4781,"date":"2023-08-30T11:52:04","date_gmt":"2023-08-30T15:52:04","guid":{"rendered":"https:\/\/fopseniorcitiz.wpengine.com\/biz-kimiz\/"},"modified":"2025-05-02T14:21:55","modified_gmt":"2025-05-02T18:21:55","slug":"biz-kimiz","status":"publish","type":"page","link":"https:\/\/fopseniorcitizensinc.com\/tr\/biz-kimiz\/","title":{"rendered":"Biz Kimiz"},"content":{"rendered":"<div class=\"wpb-content-wrapper\"><p>[vc_row][vc_column][vc_empty_space height=&#8221;5em&#8221;][\/vc_column][\/vc_row][vc_row][vc_column][vc_empty_space height=&#8221;0.3em&#8221;][vc_custom_heading text=&#8221;Biz Kimiz&#8221; font_container=&#8221;tag:h2|text_align:center|color:%23222e6a&#8221; use_theme_fonts=&#8221;yes&#8221;][vc_column_text]<\/p>\n<h4 style=\"text-align: center;\"><span style=\"color: #d9b750;\">Biz Ya\u015fl\u0131lar \u0130\u00e7in Uygun Fiyatl\u0131 Konut Toplulu\u011fuyuz<\/span><\/h4>\n<p>[\/vc_column_text][vc_column_text css=&#8221;&#8221;]<img loading=\"lazy\" decoding=\"async\" class=\"size-medium wp-image-4208 alignleft\" src=\"https:\/\/fopseniorcitiz.wpengine.com\/wp-content\/uploads\/2023\/08\/FOPSideViewImage002-300x230.jpg\" alt=\"\" width=\"450\" height=\"380\"><\/p>\n<p>FOP Senior Citizens, \u00fccret almayan dokuz (9) \u00fcyeli bir Y\u00f6netim Kurulu taraf\u0131ndan y\u00f6netilir ve Michael Lutz Lodge #5, Philadelphia Fraternal Order of Police&#8217;in iyi durumdaki aktif veya emekli \u00fcyeleri olmalar\u0131 gerekir.<\/p>\n<p>Y\u00f6netim kurulu \u00fcyeleri \u00fc\u00e7 (3) y\u0131l s\u00fcreyle g\u00f6rev yapar ve her y\u0131l Aral\u0131k ay\u0131nda y\u00f6netim kurulu se\u00e7imleri yap\u0131l\u0131r. Y\u00f6netim Kurulu Ba\u015fkan, Ba\u015fkan Yard\u0131mc\u0131s\u0131, Sayman ve Sekreterden olu\u015fmaktad\u0131r.<\/p>\n<p>Pennrose ile yap\u0131lan uzun vadeli anla\u015fma ile FOP Senior Citizens Inc, az\u0131nl\u0131k m\u00fclkiyet rol\u00fcn\u00fc s\u00fcrd\u00fcrmekte ve bu nedenle Pennrose&#8217;a dan\u0131\u015fmaya ve sakinlerimizi desteklemeye devam etmektedir.[\/vc_column_text][vc_empty_space height=&#8221;0.9em&#8221;][vc_btn title=&#8221;Daha Fazla Bilgi&#8221; style=&#8221;custom&#8221; custom_background=&#8221;#d9b750&#8243; custom_text=&#8221;#ffffff&#8221; css=&#8221;&#8221; link=&#8221;url:https%3A%2F%2Ffopseniorcitizensinc.com%2Ftr%2Filetisim%2F|title:%C4%B0leti%C5%9Fim|&#8221;][\/vc_column][\/vc_row][vc_row][vc_column][vc_empty_space height=&#8221;3.1em&#8221;][\/vc_column][\/vc_row][vc_row full_width=&#8221;stretch_row&#8221; css=&#8221;.vc_custom_1693235528275{background-color: #222e6a !important;}&#8221;][vc_column width=&#8221;1\/6&#8243;][\/vc_column][vc_column width=&#8221;2\/3&#8243;][vc_empty_space][vc_empty_space][vc_cta h2=&#8221;&#8221; h4=&#8221;Sorusu olan? Size nas\u0131l yard\u0131mc\u0131 olabilece\u011fimizi bize bildirin.&#8221; style=&#8221;custom&#8221; add_button=&#8221;right&#8221; btn_title=&#8221;Daha Fazla Bilgi \u0130\u00e7in Bize Ula\u015f\u0131n&#8221; btn_style=&#8221;outline-custom&#8221; btn_outline_custom_color=&#8221;#222e6a&#8221; btn_outline_custom_hover_background=&#8221;#ffffff&#8221; btn_outline_custom_hover_text=&#8221;#d9b750&#8243; btn_align=&#8221;right&#8221; btn_css_animation=&#8221;fadeIn&#8221; custom_background=&#8221;#d9b750&#8243; custom_text=&#8221;#222e6a&#8221; btn_link=&#8221;url:https%3A%2F%2Ffopseniorcitizensinc.com%2Fcontacts%2F|title:%C4%B0leti%C5%9Fim|&#8221;][\/vc_cta][vc_empty_space][\/vc_column][vc_column width=&#8221;1\/6&#8243;][\/vc_column][\/vc_row]<\/p>\n<\/div>","protected":false},"excerpt":{"rendered":"<p>[vc_row][vc_column][vc_empty_space height=&#8221;5em&#8221;][\/vc_column][\/vc_row][vc_row][vc_column][vc_empty_space height=&#8221;0.3em&#8221;][vc_custom_heading text=&#8221;Biz Kimiz&#8221; font_container=&#8221;tag:h2|text_align:center|color:%23222e6a&#8221; use_theme_fonts=&#8221;yes&#8221;][vc_column_text] Biz Ya\u015fl\u0131lar \u0130\u00e7in Uygun Fiyatl\u0131 Konut Toplulu\u011fuyuz [\/vc_column_text][vc_column_text css=&#8221;&#8221;] FOP Senior Citizens, \u00fccret almayan dokuz (9) \u00fcyeli bir Y\u00f6netim Kurulu taraf\u0131ndan y\u00f6netilir ve [&hellip;]<\/p>\n","protected":false},"author":1,"featured_media":0,"parent":0,"menu_order":20,"comment_status":"closed","ping_status":"closed","template":"","meta":{"give_campaign_id":0,"footnotes":""},"class_list":["post-4781","page","type-page","status-publish","hentry"],"yoast_head":"<!-- This site is optimized with the Yoast SEO plugin v27.0 - https:\/\/yoast.com\/product\/yoast-seo-wordpress\/ -->\n<title>FOP Senior Citizens Inc ba\u011f\u0131ms\u0131z ya\u015fl\u0131lar i\u00e7in kurulmu\u015ftur<\/title>\n<meta name=\"description\" content=\"FOP Senior Citizens Inc 62 ya\u015f ve \u00fczeri ba\u011f\u0131ms\u0131z ya\u015fl\u0131lar i\u00e7in kurulmu\u015ftur\" \/>\n<meta name=\"robots\" content=\"index, follow, max-snippet:-1, max-image-preview:large, max-video-preview:-1\" \/>\n<link rel=\"canonical\" href=\"https:\/\/fopseniorcitizensinc.com\/tr\/biz-kimiz\/\" \/>\n<meta property=\"og:locale\" content=\"tr_TR\" \/>\n<meta property=\"og:type\" content=\"article\" \/>\n<meta property=\"og:title\" content=\"FOP Senior Citizens Inc ba\u011f\u0131ms\u0131z ya\u015fl\u0131lar i\u00e7in kurulmu\u015ftur\" \/>\n<meta property=\"og:description\" content=\"FOP Senior Citizens Inc 62 ya\u015f ve \u00fczeri ba\u011f\u0131ms\u0131z ya\u015fl\u0131lar i\u00e7in kurulmu\u015ftur\" \/>\n<meta property=\"og:url\" content=\"https:\/\/fopseniorcitizensinc.com\/tr\/biz-kimiz\/\" \/>\n<meta property=\"og:site_name\" content=\"FOP Senior Citizens, Inc.\" \/>\n<meta property=\"article:modified_time\" content=\"2025-05-02T18:21:55+00:00\" \/>\n<meta property=\"og:image\" content=\"https:\/\/fopseniorcitizensinc.com\/wp-content\/uploads\/2023\/08\/FOPSideViewImage002.jpg\" \/>\n\t<meta property=\"og:image:width\" content=\"1500\" \/>\n\t<meta property=\"og:image:height\" content=\"1151\" \/>\n\t<meta property=\"og:image:type\" content=\"image\/jpeg\" \/>\n<meta name=\"twitter:card\" content=\"summary_large_image\" \/>\n<meta name=\"twitter:label1\" content=\"Tahmini okuma s\u00fcresi\" \/>\n\t<meta name=\"twitter:data1\" content=\"2 dakika\" \/>\n<script type=\"application\/ld+json\" class=\"yoast-schema-graph\">{\"@context\":\"https:\/\/schema.org\",\"@graph\":[{\"@type\":\"WebPage\",\"@id\":\"https:\/\/fopseniorcitizensinc.com\/tr\/biz-kimiz\/\",\"url\":\"https:\/\/fopseniorcitizensinc.com\/tr\/biz-kimiz\/\",\"name\":\"FOP Senior Citizens Inc ba\u011f\u0131ms\u0131z ya\u015fl\u0131lar i\u00e7in kurulmu\u015ftur\",\"isPartOf\":{\"@id\":\"https:\/\/fopseniorcitizensinc.com\/tr\/#website\"},\"primaryImageOfPage\":{\"@id\":\"https:\/\/fopseniorcitizensinc.com\/tr\/biz-kimiz\/#primaryimage\"},\"image\":{\"@id\":\"https:\/\/fopseniorcitizensinc.com\/tr\/biz-kimiz\/#primaryimage\"},\"thumbnailUrl\":\"https:\/\/fopseniorcitiz.wpengine.com\/wp-content\/uploads\/2023\/08\/FOPSideViewImage002-300x230.jpg\",\"datePublished\":\"2023-08-30T15:52:04+00:00\",\"dateModified\":\"2025-05-02T18:21:55+00:00\",\"description\":\"FOP Senior Citizens Inc 62 ya\u015f ve \u00fczeri ba\u011f\u0131ms\u0131z ya\u015fl\u0131lar i\u00e7in kurulmu\u015ftur\",\"breadcrumb\":{\"@id\":\"https:\/\/fopseniorcitizensinc.com\/tr\/biz-kimiz\/#breadcrumb\"},\"inLanguage\":\"tr\",\"potentialAction\":[{\"@type\":\"ReadAction\",\"target\":[\"https:\/\/fopseniorcitizensinc.com\/tr\/biz-kimiz\/\"]}]},{\"@type\":\"ImageObject\",\"inLanguage\":\"tr\",\"@id\":\"https:\/\/fopseniorcitizensinc.com\/tr\/biz-kimiz\/#primaryimage\",\"url\":\"https:\/\/fopseniorcitiz.wpengine.com\/wp-content\/uploads\/2023\/08\/FOPSideViewImage002-300x230.jpg\",\"contentUrl\":\"https:\/\/fopseniorcitiz.wpengine.com\/wp-content\/uploads\/2023\/08\/FOPSideViewImage002-300x230.jpg\"},{\"@type\":\"BreadcrumbList\",\"@id\":\"https:\/\/fopseniorcitizensinc.com\/tr\/biz-kimiz\/#breadcrumb\",\"itemListElement\":[{\"@type\":\"ListItem\",\"position\":1,\"name\":\"Home\",\"item\":\"https:\/\/fopseniorcitizensinc.com\/tr\/\"},{\"@type\":\"ListItem\",\"position\":2,\"name\":\"Biz Kimiz\"}]},{\"@type\":\"WebSite\",\"@id\":\"https:\/\/fopseniorcitizensinc.com\/tr\/#website\",\"url\":\"https:\/\/fopseniorcitizensinc.com\/tr\/\",\"name\":\"FOP Senior Citizens, Inc.\",\"description\":\"A Senior Affordable Living Community\",\"publisher\":{\"@id\":\"https:\/\/fopseniorcitizensinc.com\/tr\/#organization\"},\"potentialAction\":[{\"@type\":\"SearchAction\",\"target\":{\"@type\":\"EntryPoint\",\"urlTemplate\":\"https:\/\/fopseniorcitizensinc.com\/tr\/?s={search_term_string}\"},\"query-input\":{\"@type\":\"PropertyValueSpecification\",\"valueRequired\":true,\"valueName\":\"search_term_string\"}}],\"inLanguage\":\"tr\"},{\"@type\":\"Organization\",\"@id\":\"https:\/\/fopseniorcitizensinc.com\/tr\/#organization\",\"name\":\"FOP Senior Citizens, Inc.\",\"url\":\"https:\/\/fopseniorcitizensinc.com\/tr\/\",\"logo\":{\"@type\":\"ImageObject\",\"inLanguage\":\"tr\",\"@id\":\"https:\/\/fopseniorcitizensinc.com\/tr\/#\/schema\/logo\/image\/\",\"url\":\"https:\/\/fopseniorcitizensinc.com\/wp-content\/uploads\/2023\/07\/FOP-SC-INC-artLogoSmalller2.jpg\",\"contentUrl\":\"https:\/\/fopseniorcitizensinc.com\/wp-content\/uploads\/2023\/07\/FOP-SC-INC-artLogoSmalller2.jpg\",\"width\":250,\"height\":82,\"caption\":\"FOP Senior Citizens, Inc.\"},\"image\":{\"@id\":\"https:\/\/fopseniorcitizensinc.com\/tr\/#\/schema\/logo\/image\/\"}}]}<\/script>\n<!-- \/ Yoast SEO plugin. -->","yoast_head_json":{"title":"FOP Senior Citizens Inc ba\u011f\u0131ms\u0131z ya\u015fl\u0131lar i\u00e7in kurulmu\u015ftur","description":"FOP Senior Citizens Inc 62 ya\u015f ve \u00fczeri ba\u011f\u0131ms\u0131z ya\u015fl\u0131lar i\u00e7in kurulmu\u015ftur","robots":{"index":"index","follow":"follow","max-snippet":"max-snippet:-1","max-image-preview":"max-image-preview:large","max-video-preview":"max-video-preview:-1"},"canonical":"https:\/\/fopseniorcitizensinc.com\/tr\/biz-kimiz\/","og_locale":"tr_TR","og_type":"article","og_title":"FOP Senior Citizens Inc ba\u011f\u0131ms\u0131z ya\u015fl\u0131lar i\u00e7in kurulmu\u015ftur","og_description":"FOP Senior Citizens Inc 62 ya\u015f ve \u00fczeri ba\u011f\u0131ms\u0131z ya\u015fl\u0131lar i\u00e7in kurulmu\u015ftur","og_url":"https:\/\/fopseniorcitizensinc.com\/tr\/biz-kimiz\/","og_site_name":"FOP Senior Citizens, Inc.","article_modified_time":"2025-05-02T18:21:55+00:00","og_image":[{"width":1500,"height":1151,"url":"https:\/\/fopseniorcitizensinc.com\/wp-content\/uploads\/2023\/08\/FOPSideViewImage002.jpg","type":"image\/jpeg"}],"twitter_card":"summary_large_image","twitter_misc":{"Tahmini okuma s\u00fcresi":"2 dakika"},"schema":{"@context":"https:\/\/schema.org","@graph":[{"@type":"WebPage","@id":"https:\/\/fopseniorcitizensinc.com\/tr\/biz-kimiz\/","url":"https:\/\/fopseniorcitizensinc.com\/tr\/biz-kimiz\/","name":"FOP Senior Citizens Inc ba\u011f\u0131ms\u0131z ya\u015fl\u0131lar i\u00e7in kurulmu\u015ftur","isPartOf":{"@id":"https:\/\/fopseniorcitizensinc.com\/tr\/#website"},"primaryImageOfPage":{"@id":"https:\/\/fopseniorcitizensinc.com\/tr\/biz-kimiz\/#primaryimage"},"image":{"@id":"https:\/\/fopseniorcitizensinc.com\/tr\/biz-kimiz\/#primaryimage"},"thumbnailUrl":"https:\/\/fopseniorcitiz.wpengine.com\/wp-content\/uploads\/2023\/08\/FOPSideViewImage002-300x230.jpg","datePublished":"2023-08-30T15:52:04+00:00","dateModified":"2025-05-02T18:21:55+00:00","description":"FOP Senior Citizens Inc 62 ya\u015f ve \u00fczeri ba\u011f\u0131ms\u0131z ya\u015fl\u0131lar i\u00e7in kurulmu\u015ftur","breadcrumb":{"@id":"https:\/\/fopseniorcitizensinc.com\/tr\/biz-kimiz\/#breadcrumb"},"inLanguage":"tr","potentialAction":[{"@type":"ReadAction","target":["https:\/\/fopseniorcitizensinc.com\/tr\/biz-kimiz\/"]}]},{"@type":"ImageObject","inLanguage":"tr","@id":"https:\/\/fopseniorcitizensinc.com\/tr\/biz-kimiz\/#primaryimage","url":"https:\/\/fopseniorcitiz.wpengine.com\/wp-content\/uploads\/2023\/08\/FOPSideViewImage002-300x230.jpg","contentUrl":"https:\/\/fopseniorcitiz.wpengine.com\/wp-content\/uploads\/2023\/08\/FOPSideViewImage002-300x230.jpg"},{"@type":"BreadcrumbList","@id":"https:\/\/fopseniorcitizensinc.com\/tr\/biz-kimiz\/#breadcrumb","itemListElement":[{"@type":"ListItem","position":1,"name":"Home","item":"https:\/\/fopseniorcitizensinc.com\/tr\/"},{"@type":"ListItem","position":2,"name":"Biz Kimiz"}]},{"@type":"WebSite","@id":"https:\/\/fopseniorcitizensinc.com\/tr\/#website","url":"https:\/\/fopseniorcitizensinc.com\/tr\/","name":"FOP Senior Citizens, Inc.","description":"A Senior Affordable Living Community","publisher":{"@id":"https:\/\/fopseniorcitizensinc.com\/tr\/#organization"},"potentialAction":[{"@type":"SearchAction","target":{"@type":"EntryPoint","urlTemplate":"https:\/\/fopseniorcitizensinc.com\/tr\/?s={search_term_string}"},"query-input":{"@type":"PropertyValueSpecification","valueRequired":true,"valueName":"search_term_string"}}],"inLanguage":"tr"},{"@type":"Organization","@id":"https:\/\/fopseniorcitizensinc.com\/tr\/#organization","name":"FOP Senior Citizens, Inc.","url":"https:\/\/fopseniorcitizensinc.com\/tr\/","logo":{"@type":"ImageObject","inLanguage":"tr","@id":"https:\/\/fopseniorcitizensinc.com\/tr\/#\/schema\/logo\/image\/","url":"https:\/\/fopseniorcitizensinc.com\/wp-content\/uploads\/2023\/07\/FOP-SC-INC-artLogoSmalller2.jpg","contentUrl":"https:\/\/fopseniorcitizensinc.com\/wp-content\/uploads\/2023\/07\/FOP-SC-INC-artLogoSmalller2.jpg","width":250,"height":82,"caption":"FOP Senior Citizens, Inc."},"image":{"@id":"https:\/\/fopseniorcitizensinc.com\/tr\/#\/schema\/logo\/image\/"}}]}},"campaignId":"","_links":{"self":[{"href":"https:\/\/fopseniorcitizensinc.com\/tr\/wp-json\/wp\/v2\/pages\/4781","targetHints":{"allow":["GET"]}}],"collection":[{"href":"https:\/\/fopseniorcitizensinc.com\/tr\/wp-json\/wp\/v2\/pages"}],"about":[{"href":"https:\/\/fopseniorcitizensinc.com\/tr\/wp-json\/wp\/v2\/types\/page"}],"author":[{"embeddable":true,"href":"https:\/\/fopseniorcitizensinc.com\/tr\/wp-json\/wp\/v2\/users\/1"}],"replies":[{"embeddable":true,"href":"https:\/\/fopseniorcitizensinc.com\/tr\/wp-json\/wp\/v2\/comments?post=4781"}],"version-history":[{"count":0,"href":"https:\/\/fopseniorcitizensinc.com\/tr\/wp-json\/wp\/v2\/pages\/4781\/revisions"}],"wp:attachment":[{"href":"https:\/\/fopseniorcitizensinc.com\/tr\/wp-json\/wp\/v2\/media?parent=4781"}],"curies":[{"name":"wp","href":"https:\/\/api.w.org\/{rel}","templated":true}]}}